{"id":31967,"date":"2021-09-15T12:39:01","date_gmt":"2021-09-15T11:39:01","guid":{"rendered":"https:\/\/www.tomassen.nl\/?page_id=31967"},"modified":"2024-08-21T13:09:57","modified_gmt":"2024-08-21T12:09:57","slug":"privacy-policy","status":"publish","type":"page","link":"https:\/\/www.tomassen.nl\/de\/privacy-policy\/","title":{"rendered":"Datenschutzrichtlinie"},"content":{"rendered":"<div data-elementor-type=\"wp-page\" data-elementor-id=\"31967\" class=\"elementor elementor-31967\" data-elementor-post-type=\"page\">\n\t\t\t\t\t\t<header class=\"elementor-section elementor-top-section elementor-element elementor-element-15bb2ed elementor-section-boxed elementor-section-height-default elementor-section-height-default\" data-id=\"15bb2ed\" data-element_type=\"section\" data-e-type=\"section\" data-settings=\"{&quot;background_background&quot;:&quot;classic&quot;}\">\n\t\t\t\t\t\t\t<div class=\"elementor-background-overlay\"><\/div>\n\t\t\t\t\t\t\t<div class=\"elementor-container elementor-column-gap-default\">\n\t\t\t\t\t<div class=\"elementor-column elementor-col-100 elementor-top-column elementor-element elementor-element-f7d9e7d\" data-id=\"f7d9e7d\" data-element_type=\"column\" data-e-type=\"column\">\n\t\t\t<div class=\"elementor-widget-wrap elementor-element-populated\">\n\t\t\t\t\t\t<div class=\"elementor-element elementor-element-9725f8e elementor-widget__width-auto elementor-widget elementor-widget-heading\" data-id=\"9725f8e\" data-element_type=\"widget\" data-e-type=\"widget\" data-widget_type=\"heading.default\">\n\t\t\t\t<div class=\"elementor-widget-container\">\n\t\t\t\t\t<h1 class=\"elementor-heading-title elementor-size-default\">Datenschutzrichtlinie<\/h1>\t\t\t\t<\/div>\n\t\t\t\t<\/div>\n\t\t\t\t\t<\/div>\n\t\t<\/div>\n\t\t\t\t\t<\/div>\n\t\t<\/header>\n\t\t\t\t<section class=\"elementor-section elementor-top-section elementor-element elementor-element-02308a0 elementor-section-boxed elementor-section-height-default elementor-section-height-default\" data-id=\"02308a0\" data-element_type=\"section\" data-e-type=\"section\" data-settings=\"{&quot;background_background&quot;:&quot;classic&quot;}\">\n\t\t\t\t\t\t<div class=\"elementor-container elementor-column-gap-default\">\n\t\t\t\t\t<div class=\"elementor-column elementor-col-100 elementor-top-column elementor-element elementor-element-e1968cf\" data-id=\"e1968cf\" data-element_type=\"column\" data-e-type=\"column\" data-settings=\"{&quot;background_background&quot;:&quot;classic&quot;}\">\n\t\t\t<div class=\"elementor-widget-wrap elementor-element-populated\">\n\t\t\t\t\t\t<div class=\"elementor-element elementor-element-5709fb6 elementor-widget__width-auto elementor-widget elementor-widget-heading\" data-id=\"5709fb6\" data-element_type=\"widget\" data-e-type=\"widget\" data-widget_type=\"heading.default\">\n\t\t\t\t<div class=\"elementor-widget-container\">\n\t\t\t\t\t<h2 class=\"elementor-heading-title elementor-size-default\">Tomassen Deutschland BV<\/h2>\t\t\t\t<\/div>\n\t\t\t\t<\/div>\n\t\t\t\t<div class=\"elementor-element elementor-element-60a769a elementor-widget elementor-widget-heading\" data-id=\"60a769a\" data-element_type=\"widget\" data-e-type=\"widget\" data-widget_type=\"heading.default\">\n\t\t\t\t<div class=\"elementor-widget-container\">\n\t\t\t\t\t<h3 class=\"elementor-heading-title elementor-size-default\">Datenschutzerkl\u00e4rung von Tomassen ICT Services BV<\/h3>\t\t\t\t<\/div>\n\t\t\t\t<\/div>\n\t\t\t\t<div class=\"elementor-element elementor-element-ea64efb elementor-widget elementor-widget-text-editor\" data-id=\"ea64efb\" data-element_type=\"widget\" data-e-type=\"widget\" data-widget_type=\"text-editor.default\">\n\t\t\t\t<div class=\"elementor-widget-container\">\n\t\t\t\t\t\t\t\t\t<p><b>Allgemein<\/b><br \/>Tomassen ICT Services garantiert die Privatsph\u00e4re der Nutzer seiner Dienste und seines Personals. Tomassen ICT Services legt gro\u00dfen Wert auf die Sicherheit und den Datenschutz der Benutzer. Tomassen ICT Services handelt stets im Einklang mit den Anforderungen der Datenschutz-Grundverordnung (DSGVO).<\/p><p>Diese Datenschutzerkl\u00e4rung legt die Richtlinien und Grunds\u00e4tze f\u00fcr die verschiedenen Arten fest, mit denen Tomassen ICT Services personenbezogene Daten erfasst, sowie die Zwecke, f\u00fcr die Daten verwendet werden k\u00f6nnen.<br \/>Da Tomassen ICT Services seine Dienste st\u00e4ndig weiterentwickelt und verbessert, kann es sein, dass diese Datenschutzerkl\u00e4rung angepasst wird. Tomassen ICT Services ver\u00f6ffentlicht immer die aktuellsten auf seiner Website: www.tomassen.nl. Tomassen ICT Services ist f\u00fcr die gesamte unten genannte Verarbeitung personenbezogener Daten verantwortlich.<\/p><p><b>1. Grundlage f\u00fcr die Erhebung und Verarbeitung personenbezogener Daten<\/b><br \/>Tomassen ICT Services verarbeitet personenbezogene Daten \u00fcber Sie, weil Sie unsere Dienste nutzen und\/oder weil Sie uns diese selbst zur Verf\u00fcgung stellen. Dies geschieht zu folgenden Zwecken:<br \/>1. um die vereinbarten Produkte und Dienstleistungen zu liefern, Bestellungen abzuwickeln und Sie dar\u00fcber zu informieren<br \/>2. Abwicklung Ihrer Zahlungen oder R\u00fcckerstattungen<br \/>3. zur Durchf\u00fchrung von Analysen und Erstellung von Berichten zur Verbesserung unserer Arbeitsweise<br \/>4. um \u00fcber Produkte, Veranstaltungen, Angebote und Aktionen von Tomassen ICT Services, den Newsletter zu informieren<br \/>5. um Ihr Verhalten auf der Website zu analysieren, um die Website zu verbessern und unser Produktangebot an Ihre Vorlieben anzupassen<br \/>6. Informationen \u00fcber Sie an Dritte weiterzugeben, sofern Sie hierzu Ihre Einwilligung erteilt haben<br \/>7. Informationen \u00fcber Sie an Dritte weiterzugeben, wenn wir aufgrund von Gesetzen oder Vorschriften dazu verpflichtet sind<br \/>8. um zu pr\u00fcfen, ob Sie Ihren Zahlungsverpflichtungen nachkommen k\u00f6nnen und um alle f\u00fcr den verantwortungsvollen Abschluss und\/oder die Vertragsdurchf\u00fchrung wichtigen Tatsachen und Faktoren zu pr\u00fcfen<br \/>9. zur Sicherung, Anpassung und Verbesserung der Website<br \/>10. um Ihre Identit\u00e4t zu \u00fcberpr\u00fcfen und Betrug vorzubeugen.<\/p><p><b>2. Die verschiedenen Arten, wie Tomassen ICT Services personenbezogene Daten im Zusammenhang mit den Zielen erhebt und verarbeitet<\/b><\/p><p><b>2.1 (INDIVIDUELLE) BESTELLUNG DER ZU BEREITSTELLENDEN PRODUKTE UND DIENSTLEISTUNGEN<\/b><\/p><p>Wenn Sie eine Bestellung f\u00fcr mehrere bestimmte Produkte aufgeben, werden wir Sie um die Angabe bestimmter Informationen bitten und bestimmte Informationen selbst registrieren. Grundlage hierf\u00fcr ist die Ausf\u00fchrung des Vertrags, n\u00e4mlich: Ihre Anfrage zur Lieferung bestimmter (individueller) Produkte.<br \/>Hierzu z\u00e4hlen folgende (personenbezogene) Daten:<br \/>\u2022 E-Mail-Adresse<br \/>\u2022 Name, Adresse und Wohnort<br \/>\u2022 Telefonnummer<br \/>\u2022 Sex<br \/>\u2022 Kopie des Fahrerausweises plus Handelsregistereintragung (die B\u00fcrgerservicenummer (BSN) kann unleserlich sein). Die Ausweiskopie wird vernichtet, sobald die Kontrolle durchgef\u00fchrt wurde.<br \/>\u2022 Bank- und Zahlungsdaten, Kreditkartendaten<br \/>Wir speichern diese Daten, um Sie sachgerecht beraten zu k\u00f6nnen und verwenden die Daten weiter f\u00fcr folgende Zwecke: 1 bis 4, 6 bis 8 und 10.<\/p><p><b>2.2 NUTZUNG DER WEBSITE: WWW.TOMASSEN.NL<\/b><\/p><p><b>Besuchen Sie die Website:<\/b><br \/>Wenn Sie die Website von Tomassen ICT Services besuchen, erfassen wir mithilfe von Cookies bestimmte Informationen \u00fcber Sie. Wir tun dies unter anderem, um die Benutzerfreundlichkeit unserer Website zu erh\u00f6hen und die Website zu sichern. Lesen Sie mehr in unserem Haftungsausschluss, den Tomassen ICT Services verwendet.<\/p><p>Wir verwenden die im Rahmen Ihrer Nutzung der Website erhobenen Daten f\u00fcr die folgenden Zwecke: 5. und 9.<\/p><p><b>Bestellung \u00fcber die Website:<\/b><br \/>Wenn Sie \u00fcber unsere Website Online-Eink\u00e4ufe t\u00e4tigen m\u00f6chten, verarbeiten wir folgende Daten:<br \/>\u2022 Name, Adresse und Wohnort<br \/>\u2022 E-Mail-Adresse<br \/>\u2022 Telefonnummer<br \/>\u2022 Bank- und Zahlungsdaten, Kreditkartendaten<br \/>Wir verwenden diese Daten f\u00fcr die folgenden Zwecke: 1 bis 10.<\/p><p><b>2.3 SOZIALE MEDIEN<\/b><\/p><p>Tomassen ICT Services ist in verschiedenen sozialen Medien pr\u00e4sent, um Sie weiterhin zu inspirieren, wie zum Beispiel Facebook, Twitter, Instagram, Pinterest, YouTube und Google Plus.<br \/>Wenn Sie Tomassen ICT Services \u00fcber soziale Medien folgen oder mit oder \u00fcber Tomassen ICT Services \u00fcber soziale Medien kommunizieren, verarbeiten wir die folgenden Daten, um den Inhalt unserer Social-Media-Aktivit\u00e4ten f\u00fcr unsere Kunden bestm\u00f6glich zu optimieren:<br \/>\u2022 Profilinformationen des relevanten sozialen Mediums<br \/>\u2022 Die angesehenen und ver\u00f6ffentlichten Inhalte und Nachrichten bez\u00fcglich Tomassen ICT Services<br \/>\u2022 Auf der Plattform gespeicherte Metadaten<br \/>Wir verwenden diese Daten f\u00fcr folgende Zwecke: 3, 4, 7.<\/p><p><b>2.4 UMFRAGEN ZUR KUNDENZUFRIEDENHEIT<\/b><\/p><p>Wenn Sie an einer Online-Kundenzufriedenheitsumfrage von Tomassen ICT Services teilnehmen, verarbeiten wir die folgenden Daten, damit die Ergebnisse der Umfrage f\u00fcr Verbesserungen innerhalb von Tomassen ICT Services im weitesten Sinne des Wortes genutzt werden k\u00f6nnen:<br \/>\u2022 Name<br \/>\u2022 Adressdaten<br \/>\u2022 E-Mail-Adresse<br \/>\u2022 Telefonnummer<br \/>\u2022 Selbst bestellen<br \/>\u2022 Zahlungsdetails <br \/>Wir verwenden diese Daten f\u00fcr die folgenden Zwecke: 3, 5 und 9.<\/p><p><b>2.5 INFORMATIONEN ZU DIENSTLEISTUNGEN VON TOMASSEN ICT SERVICES<\/b><\/p><p>Newsletter per E-Mail<br \/>Wenn Sie es w\u00fcnschen, erhalten Sie regelm\u00e4\u00dfig den Tomassen ICT Services-Newsletter per E-Mail. Bei einer Online-Bestellung k\u00f6nnen Sie ausw\u00e4hlen, ob Sie den Newsletter erhalten m\u00f6chten, ein Formular ausf\u00fcllen oder sich \u00fcber die Website daf\u00fcr registrieren. Der Newsletter enth\u00e4lt Informationen \u00fcber Produkte und Dienstleistungen und ggf. Veranstaltungen von Tomassen ICT Services. <br \/>Wenn Sie den Newsletter von Tomassen ICT Services erhalten, erheben wir folgende Daten:<br \/>\u2022 Name<br \/>\u2022 Sex<br \/>\u2022 Adresse, Postleitzahl und Wohnort<br \/>\u2022 E-Mail-Adresse<br \/>Wir verwenden diese Daten f\u00fcr die folgenden Zwecke: 3, 4, 7 bis 9.<br \/>Wenn Sie den Newsletter nicht mehr erhalten m\u00f6chten, k\u00f6nnen Sie sich am Ende des Newsletters per Opt-Out abmelden.<\/p><p><b>3. WEITERGABE DER DATEN AN DRITTE<\/b><\/p><p>Tomassen ICT Services nutzt die Dienste Dritter, um Ihre Daten zu verarbeiten, wird dies jedoch stets in \u00dcbereinstimmung mit dieser Datenschutzerkl\u00e4rung tun. Diese Dritten fungieren als (Unter-)Auftragsverarbeiter f\u00fcr Tomassen ICT Services. Tomassen ICT Services tr\u00e4gt die Letztverantwortung und stellt sicher, dass auch diese Dritten ausreichende technische und organisatorische Sicherheitsma\u00dfnahmen beachten. Tomassen ICT Services schlie\u00dft einen Verarbeitungsvertrag mit Unternehmen ab, die Kundendaten in unserem Auftrag verarbeiten, um das gleiche Ma\u00df an Sicherheit und Vertraulichkeit Ihrer Daten zu gew\u00e4hrleisten. Dies bedeutet unter anderem, dass diese Dritten die personenbezogenen Daten nur f\u00fcr Tomassen ICT Services verarbeiten d\u00fcrfen. <br \/>Im \u00dcbrigen gibt Tomassen ICT Services Daten nur mit Ihrer vorherigen Zustimmung an Dritte weiter, oder wenn Tomassen ICT Services dazu aufgrund von Gesetzen und Vorschriften verpflichtet ist, aufgrund eines Rechtsstreits dazu gezwungen wird und\/oder wenn sie h\u00e4lt dies zur Wahrung ihrer eigenen Interessen f\u00fcr erforderlich.<\/p><p><b>4. LAGERDAUER<\/b><\/p><p>Tomassen ICT Services speichert personenbezogene Daten nicht l\u00e4nger als gesetzlich erforderlich. Die physischen und digitalen Daten werden in jedem Fall maximal sieben Jahre lang aufbewahrt, f\u00fcr den Fall, dass kein weiterer Kauf oder keine weitere Dienstleistung erfolgt ist. Tomassen ICT Services speichert die \u00fcbrigen Daten, wie z. B. die auf oder \u00fcber die Website bereitgestellten Daten (einschlie\u00dflich etwaiger personenbezogener Daten) f\u00fcr einen Zeitraum von maximal f\u00fcnf Jahren ab dem Zeitpunkt der Aufzeichnung.<\/p><p><b>5. Zugriff, Berichtigung und L\u00f6schung<\/b><\/p><p>Sie haben das Recht, Ihre personenbezogenen Daten einzusehen, zu korrigieren oder zu l\u00f6schen. Sie k\u00f6nnen einen Antrag auf Auskunft, Berichtigung oder L\u00f6schung an folgende Adresse senden: <a href=\"mailto:gert@Tomassen.nl\">gert@Tomassen.nl<\/a> <br \/>Um sicherzustellen, dass die Zugangsanfrage von Ihnen stammt, bitten wir Sie, der Anfrage eine Kopie oder einen Scan Ihres Ausweises beizuf\u00fcgen. Wir bitten Sie hiermit, Ihre B\u00fcrgerservicenummer (BSN) in dieser Kopie oder diesem Scan zu schw\u00e4rzen. Dies dient dem Schutz Ihrer Privatsph\u00e4re. Tomassen ICT Services wird so schnell wie m\u00f6glich, sp\u00e4testens jedoch innerhalb eines Monats, inhaltlich auf Ihre Anfrage antworten.<\/p><p><b>6. SICHERHEIT<\/b><\/p><p>Tomassen ICT Services hat geeignete technische und organisatorische Ma\u00dfnahmen ergriffen, um Ihre Daten vor Verlust oder unsachgem\u00e4\u00dfer Verarbeitung zu sch\u00fctzen. Wir haben verschiedene Sicherheitsma\u00dfnahmen getroffen, um unbefugten Zugriff zu verhindern und \u00fcberwachen diese Sicherheitsma\u00dfnahmen an verschiedenen Stellen permanent.<br \/>Die Benutzerdaten werden an physisch und technisch gesicherten Orten in den Niederlanden gespeichert. Au\u00dferdem wird protokolliert, wer Zugriff auf die personenbezogenen Daten hatte. Eine begrenzte Gruppe von Tomassen ICT Services-Mitarbeitern hat auf Grundlage der Stellenbeschreibung Zugriff auf die personenbezogenen Daten der Kunden. Diejenigen Mitarbeiter, die Zugriff auf Kundendaten haben, werden vorab im Umgang mit den personenbezogenen Daten geschult und unterwiesen und unterliegen der Verschwiegenheitspflicht.<\/p><p><b>7. DATENSCHUTZERKL\u00c4RUNG \u00c4NDERN<\/b><\/p><p>Tomassen ICT Services beh\u00e4lt sich das Recht vor, diese Datenschutzerkl\u00e4rung oder Datenschutzerkl\u00e4rung zu \u00e4ndern. Die aktuellsten ver\u00f6ffentlicht sie auf ihrer Website.<\/p><p><b>8. KONTAKT<\/b><\/p><p>Wenn Sie Fragen zu Ihrem Datenschutz und unserem Umgang mit Ihrer Privatsph\u00e4re haben, k\u00f6nnen Sie uns unter folgender Adresse kontaktieren: <br \/>Tomassen ICT Services BV<br \/>Dr. W. van Royenstraat 2<br \/>3871 AN Hoevelaken<br \/>Telefon: 033-25 800 80<br \/>Email: <a href=\"mailto:gert@tomassen.nl\">gert@tomassen.nl<\/a><\/p><p>Kommunikation per E-Mail<br \/>Wenn Sie in Zukunft keine E-Mails mehr von uns erhalten m\u00f6chten, kontaktieren Sie uns bitte unter der oben genannten Adresse.<\/p><p>Kommunikation per Brief<br \/>Wenn Sie Ihre Adresse angegeben haben, stellt Ihnen Tomassen ICT Services nur die angeforderten Informationen zur Verf\u00fcgung.<\/p>\t\t\t\t\t\t\t\t<\/div>\n\t\t\t\t<\/div>\n\t\t\t\t<div class=\"elementor-element elementor-element-d7ff2f4 elementor-widget-divider--view-line elementor-widget elementor-widget-divider\" data-id=\"d7ff2f4\" data-element_type=\"widget\" data-e-type=\"widget\" data-widget_type=\"divider.default\">\n\t\t\t\t<div class=\"elementor-widget-container\">\n\t\t\t\t\t\t\t<div class=\"elementor-divider\">\n\t\t\t<span class=\"elementor-divider-separator\">\n\t\t\t\t\t\t<\/span>\n\t\t<\/div>\n\t\t\t\t\t\t<\/div>\n\t\t\t\t<\/div>\n\t\t\t\t\t<\/div>\n\t\t<\/div>\n\t\t\t\t\t<\/div>\n\t\t<\/section>\n\t\t\t\t<\/div>","protected":false},"excerpt":{"rendered":"<p>Privacy Policy Tomassen ict services bv Privacy statement van Tomassen ICT Services BV AlgemeenTomassen ICT Services waarborgt de privacy van de gebruikers van haar diensten en personeel. Tomassen ICT Services vindt Veiligheid en privacy van gebruikers belangrijk. Tomassen ICT Services handelt altijd in overeenstemming met de eisen die de Algemene Verordening Gegevensbescherming (AVG) aan haar [&hellip;]<\/p>\n","protected":false},"author":3,"featured_media":0,"parent":0,"menu_order":0,"comment_status":"closed","ping_status":"closed","template":"","meta":{"site-sidebar-layout":"no-sidebar","site-content-layout":"page-builder","ast-site-content-layout":"default","site-content-style":"default","site-sidebar-style":"default","ast-global-header-display":"","ast-banner-title-visibility":"","ast-main-header-display":"","ast-hfb-above-header-display":"","ast-hfb-below-header-display":"","ast-hfb-mobile-header-display":"","site-post-title":"disabled","ast-breadcrumbs-content":"","ast-featured-img":"disabled","footer-sml-layout":"","ast-disable-related-posts":"","theme-transparent-header-meta":"default","adv-header-id-meta":"","stick-header-meta":"","header-above-stick-meta":"","header-main-stick-meta":"","header-below-stick-meta":"","astra-migrate-meta-layouts":"default","ast-page-background-enabled":"default","ast-page-background-meta":{"desktop":{"background-color":"","background-image":"","background-repeat":"repeat","background-position":"center center","background-size":"auto","background-attachment":"scroll","background-type":"","background-media":"","overlay-type":"","overlay-color":"","overlay-opacity":"","overlay-gradient":""},"tablet":{"background-color":"","background-image":"","background-repeat":"repeat","background-position":"center center","background-size":"auto","background-attachment":"scroll","background-type":"","background-media":"","overlay-type":"","overlay-color":"","overlay-opacity":"","overlay-gradient":""},"mobile":{"background-color":"","background-image":"","background-repeat":"repeat","background-position":"center center","background-size":"auto","background-attachment":"scroll","background-type":"","background-media":"","overlay-type":"","overlay-color":"","overlay-opacity":"","overlay-gradient":""}},"ast-content-background-meta":{"desktop":{"background-color":"var(--ast-global-color-5)","background-image":"","background-repeat":"repeat","background-position":"center center","background-size":"auto","background-attachment":"scroll","background-type":"","background-media":"","overlay-type":"","overlay-color":"","overlay-opacity":"","overlay-gradient":""},"tablet":{"background-color":"var(--ast-global-color-5)","background-image":"","background-repeat":"repeat","background-position":"center center","background-size":"auto","background-attachment":"scroll","background-type":"","background-media":"","overlay-type":"","overlay-color":"","overlay-opacity":"","overlay-gradient":""},"mobile":{"background-color":"var(--ast-global-color-5)","background-image":"","background-repeat":"repeat","background-position":"center center","background-size":"auto","background-attachment":"scroll","background-type":"","background-media":"","overlay-type":"","overlay-color":"","overlay-opacity":"","overlay-gradient":""}},"footnotes":""},"class_list":["post-31967","page","type-page","status-publish","hentry"],"_links":{"self":[{"href":"https:\/\/www.tomassen.nl\/de\/wp-json\/wp\/v2\/pages\/31967","targetHints":{"allow":["GET"]}}],"collection":[{"href":"https:\/\/www.tomassen.nl\/de\/wp-json\/wp\/v2\/pages"}],"about":[{"href":"https:\/\/www.tomassen.nl\/de\/wp-json\/wp\/v2\/types\/page"}],"author":[{"embeddable":true,"href":"https:\/\/www.tomassen.nl\/de\/wp-json\/wp\/v2\/users\/3"}],"replies":[{"embeddable":true,"href":"https:\/\/www.tomassen.nl\/de\/wp-json\/wp\/v2\/comments?post=31967"}],"version-history":[{"count":58,"href":"https:\/\/www.tomassen.nl\/de\/wp-json\/wp\/v2\/pages\/31967\/revisions"}],"predecessor-version":[{"id":40098,"href":"https:\/\/www.tomassen.nl\/de\/wp-json\/wp\/v2\/pages\/31967\/revisions\/40098"}],"wp:attachment":[{"href":"https:\/\/www.tomassen.nl\/de\/wp-json\/wp\/v2\/media?parent=31967"}],"curies":[{"name":"wp","href":"https:\/\/api.w.org\/{rel}","templated":true}]}}