{"id":32107,"date":"2021-10-27T12:42:46","date_gmt":"2021-10-27T11:42:46","guid":{"rendered":"https:\/\/www.tomassen.nl\/?page_id=32107"},"modified":"2024-08-21T13:10:39","modified_gmt":"2024-08-21T12:10:39","slug":"disclaimer","status":"publish","type":"page","link":"https:\/\/www.tomassen.nl\/de\/disclaimer\/","title":{"rendered":"Haftungsausschluss"},"content":{"rendered":"<div data-elementor-type=\"wp-page\" data-elementor-id=\"32107\" class=\"elementor elementor-32107\" data-elementor-post-type=\"page\">\n\t\t\t\t\t\t<header class=\"elementor-section elementor-top-section elementor-element elementor-element-a969bd4 elementor-section-boxed elementor-section-height-default elementor-section-height-default\" data-id=\"a969bd4\" data-element_type=\"section\" data-e-type=\"section\" data-settings=\"{&quot;background_background&quot;:&quot;classic&quot;}\">\n\t\t\t\t\t\t\t<div class=\"elementor-background-overlay\"><\/div>\n\t\t\t\t\t\t\t<div class=\"elementor-container elementor-column-gap-default\">\n\t\t\t\t\t<div class=\"elementor-column elementor-col-100 elementor-top-column elementor-element elementor-element-b3b4429\" data-id=\"b3b4429\" data-element_type=\"column\" data-e-type=\"column\">\n\t\t\t<div class=\"elementor-widget-wrap elementor-element-populated\">\n\t\t\t\t\t\t<div class=\"elementor-element elementor-element-0e1b522 elementor-widget__width-auto elementor-widget elementor-widget-heading\" data-id=\"0e1b522\" data-element_type=\"widget\" data-e-type=\"widget\" data-widget_type=\"heading.default\">\n\t\t\t\t<div class=\"elementor-widget-container\">\n\t\t\t\t\t<h1 class=\"elementor-heading-title elementor-size-default\">Haftungsausschluss<\/h1>\t\t\t\t<\/div>\n\t\t\t\t<\/div>\n\t\t\t\t\t<\/div>\n\t\t<\/div>\n\t\t\t\t\t<\/div>\n\t\t<\/header>\n\t\t\t\t<section class=\"elementor-section elementor-top-section elementor-element elementor-element-cff38bd elementor-section-boxed elementor-section-height-default elementor-section-height-default\" data-id=\"cff38bd\" data-element_type=\"section\" data-e-type=\"section\" data-settings=\"{&quot;background_background&quot;:&quot;classic&quot;}\">\n\t\t\t\t\t\t<div class=\"elementor-container elementor-column-gap-default\">\n\t\t\t\t\t<div class=\"elementor-column elementor-col-100 elementor-top-column elementor-element elementor-element-f341181\" data-id=\"f341181\" data-element_type=\"column\" data-e-type=\"column\" data-settings=\"{&quot;background_background&quot;:&quot;classic&quot;}\">\n\t\t\t<div class=\"elementor-widget-wrap elementor-element-populated\">\n\t\t\t\t\t\t<div class=\"elementor-element elementor-element-3284b41 elementor-widget__width-auto elementor-widget elementor-widget-heading\" data-id=\"3284b41\" data-element_type=\"widget\" data-e-type=\"widget\" data-widget_type=\"heading.default\">\n\t\t\t\t<div class=\"elementor-widget-container\">\n\t\t\t\t\t<h2 class=\"elementor-heading-title elementor-size-default\">Tomassen Deutschland BV<\/h2>\t\t\t\t<\/div>\n\t\t\t\t<\/div>\n\t\t\t\t<div class=\"elementor-element elementor-element-535ba92 elementor-widget elementor-widget-heading\" data-id=\"535ba92\" data-element_type=\"widget\" data-e-type=\"widget\" data-widget_type=\"heading.default\">\n\t\t\t\t<div class=\"elementor-widget-container\">\n\t\t\t\t\t<h3 class=\"elementor-heading-title elementor-size-default\">Haftungsausschluss Tomassen ICT Services BV<\/h3>\t\t\t\t<\/div>\n\t\t\t\t<\/div>\n\t\t\t\t<div class=\"elementor-element elementor-element-6d98341 elementor-widget elementor-widget-text-editor\" data-id=\"6d98341\" data-element_type=\"widget\" data-e-type=\"widget\" data-widget_type=\"text-editor.default\">\n\t\t\t\t<div class=\"elementor-widget-container\">\n\t\t\t\t\t\t\t\t\t<p><b>HAFTUNGSAUSSCHLUSS auf der Website<\/b><\/p>\n<p>Die Website www.tomassen.nl wird von Tomassen ICT Services BV verwaltet. Bei der Zusammenstellung der Inhalte wurde gr\u00f6\u00dfte Sorgfalt angewendet. Die Website dient lediglich der allgemeinen Information. Tomassen ICT Services \u00fcbernimmt keine Gew\u00e4hr f\u00fcr die Vollst\u00e4ndigkeit der Informationen und \u00fcbernimmt keine Haftung f\u00fcr etwaige Sch\u00e4den, die aus Ungenauigkeiten und\/oder Unvollst\u00e4ndigkeiten der bereitgestellten Informationen resultieren, noch f\u00fcr Sch\u00e4den, die durch die Nutzung der genannten Informationen oder deren Nichtverf\u00fcgbarkeit entstehen Webseite. Dar\u00fcber hinaus \u00fcbernimmt sie keine Haftung f\u00fcr den Inhalt von Websites, auf die verwiesen wird oder die auf diese Website verweisen. Jegliche Haftung f\u00fcr Sch\u00e4den, die durch den Besuch einer anderen Website \u00fcber einen Link auf dieser Website oder auf andere Weise entstehen, wird ausdr\u00fccklich ausgeschlossen.<\/p>\n<p>Tomassen ICT Services nimmt den Schutz Ihrer Daten ernst und ergreift geeignete Ma\u00dfnahmen, um Missbrauch, Verlust, unbefugten Zugriff, unerw\u00fcnschte Offenlegung und unbefugte \u00c4nderung zu verhindern.<\/p>\n<p>Wenn Sie auf dieser Website personenbezogene Daten eingeben, werden diese nur f\u00fcr den Zweck verwendet, f\u00fcr den die Informationen angefordert wurden, und nicht l\u00e4nger aufbewahrt, als es f\u00fcr den Zweck, f\u00fcr den sie bereitgestellt wurden, erforderlich ist. Weitere Informationen hierzu finden Sie in der Datenschutzerkl\u00e4rung, die auf der Website von Tomassen ICT Services ver\u00f6ffentlicht ist. Tomassen ICT Services BV verwendet Cookies, um die Funktionalit\u00e4t bestimmter Seiten seiner Website zu optimieren. Cookies sind kleine Textdateien, die von einer Seite der Website auf dem Computer des Besuchers abgelegt werden. Ein solcher Cookie speichert Informationen wie zum Beispiel bestimmte Pr\u00e4ferenzen des Besuchers. Dadurch kann Tomassen ICT Services BV den Besucher bei seinem n\u00e4chsten Besuch noch besser betreuen. Cookies k\u00f6nnen jederzeit von einem Computer gel\u00f6scht werden, wiederum \u00fcber den Browser.<\/p>\n<p>Tomassen ICT Services hat die Website technisch und organisatorisch angemessen gesichert. Diese Website verwendet zum Schutz der im Webformular eingegebenen Daten eine sogenannte SSL-Verschl\u00fcsselung (Secure Socket Layer). Den Einsatz dieser SSL-Verschl\u00fcsselung erkennen Sie an der Webadresse, die mit \u201ehttps:\u201c beginnt. Das \u201es\u201c in \u201ehttps\u201c steht f\u00fcr \u201esicher\u201c.<\/p>\n<p>Durch die SSL-Verschl\u00fcsselung werden Ihre pers\u00f6nlichen Daten verschl\u00fcsselt \u00fcbertragen, so dass sie f\u00fcr Dritte nicht einsehbar sind. Das bedeutet, dass Sie bei der Kommunikation mit uns \u00fcber die Website auf sichere Weise kommunizieren und nur Sie und Tomassen ICT Services die von Ihnen gesendeten Daten einsehen k\u00f6nnen.<\/p>\n<p>F\u00fcr alle Kauf- und\/oder Dienstleistungsvertr\u00e4ge mit Tomassen ICT Services gelten deren Allgemeine Gesch\u00e4ftsbedingungen, die auf dieser Website ver\u00f6ffentlicht sind. Tomassen ICT Services beh\u00e4lt sich alle geistigen Rechte (einschlie\u00dflich Urheberrechte) in Bezug auf die auf dieser Website pr\u00e4sentierten Informationen (einschlie\u00dflich Texte, Logo, Design, (bewegte) Bilder und T\u00f6ne) vor, sofern diese Rechte nicht einem Dritten geh\u00f6ren und f\u00fcr die Tomassen ICT Services die Erlaubnis hat, diese auf seiner Website zu ver\u00f6ffentlichen. Mit Ausnahme des Herunterladens und Ausdruckens der bereitgestellten Informationen f\u00fcr Ihren pers\u00f6nlichen Gebrauch ist es nicht gestattet, den Inhalt dieser Website ohne die ausdr\u00fcckliche schriftliche Genehmigung von Tomassen ICT Services zu kopieren, zu reproduzieren oder in irgendeiner Weise zu verbreiten oder zu ver\u00f6ffentlichen.<\/p>\t\t\t\t\t\t\t\t<\/div>\n\t\t\t\t<\/div>\n\t\t\t\t<div class=\"elementor-element elementor-element-b106291 elementor-widget-divider--view-line elementor-widget elementor-widget-divider\" data-id=\"b106291\" data-element_type=\"widget\" data-e-type=\"widget\" data-widget_type=\"divider.default\">\n\t\t\t\t<div class=\"elementor-widget-container\">\n\t\t\t\t\t\t\t<div class=\"elementor-divider\">\n\t\t\t<span class=\"elementor-divider-separator\">\n\t\t\t\t\t\t<\/span>\n\t\t<\/div>\n\t\t\t\t\t\t<\/div>\n\t\t\t\t<\/div>\n\t\t\t\t\t<\/div>\n\t\t<\/div>\n\t\t\t\t\t<\/div>\n\t\t<\/section>\n\t\t\t\t<\/div>","protected":false},"excerpt":{"rendered":"<p>Disclaimer Tomassen ict services bv Disclaimer Tomassen ICT Services BV DISCLAIMER op de website De website www.tomassen.nl wordt beheerd door Tomassen ICT Services B.V. Bij de samenstelling van de inhoud is grote zorgvuldigheid betracht. De website dient alleen om algemene informatie te verstrekken. Tomassen ICT Services kan niet garanderen dat die informatie volledig is en [&hellip;]<\/p>\n","protected":false},"author":13,"featured_media":0,"parent":0,"menu_order":0,"comment_status":"closed","ping_status":"closed","template":"","meta":{"site-sidebar-layout":"no-sidebar","site-content-layout":"page-builder","ast-site-content-layout":"default","site-content-style":"default","site-sidebar-style":"default","ast-global-header-display":"","ast-banner-title-visibility":"","ast-main-header-display":"","ast-hfb-above-header-display":"","ast-hfb-below-header-display":"","ast-hfb-mobile-header-display":"","site-post-title":"disabled","ast-breadcrumbs-content":"","ast-featured-img":"disabled","footer-sml-layout":"","ast-disable-related-posts":"","theme-transparent-header-meta":"default","adv-header-id-meta":"","stick-header-meta":"","header-above-stick-meta":"","header-main-stick-meta":"","header-below-stick-meta":"","astra-migrate-meta-layouts":"default","ast-page-background-enabled":"default","ast-page-background-meta":{"desktop":{"background-color":"","background-image":"","background-repeat":"repeat","background-position":"center center","background-size":"auto","background-attachment":"scroll","background-type":"","background-media":"","overlay-type":"","overlay-color":"","overlay-opacity":"","overlay-gradient":""},"tablet":{"background-color":"","background-image":"","background-repeat":"repeat","background-position":"center center","background-size":"auto","background-attachment":"scroll","background-type":"","background-media":"","overlay-type":"","overlay-color":"","overlay-opacity":"","overlay-gradient":""},"mobile":{"background-color":"","background-image":"","background-repeat":"repeat","background-position":"center center","background-size":"auto","background-attachment":"scroll","background-type":"","background-media":"","overlay-type":"","overlay-color":"","overlay-opacity":"","overlay-gradient":""}},"ast-content-background-meta":{"desktop":{"background-color":"var(--ast-global-color-5)","background-image":"","background-repeat":"repeat","background-position":"center center","background-size":"auto","background-attachment":"scroll","background-type":"","background-media":"","overlay-type":"","overlay-color":"","overlay-opacity":"","overlay-gradient":""},"tablet":{"background-color":"var(--ast-global-color-5)","background-image":"","background-repeat":"repeat","background-position":"center center","background-size":"auto","background-attachment":"scroll","background-type":"","background-media":"","overlay-type":"","overlay-color":"","overlay-opacity":"","overlay-gradient":""},"mobile":{"background-color":"var(--ast-global-color-5)","background-image":"","background-repeat":"repeat","background-position":"center center","background-size":"auto","background-attachment":"scroll","background-type":"","background-media":"","overlay-type":"","overlay-color":"","overlay-opacity":"","overlay-gradient":""}},"footnotes":""},"class_list":["post-32107","page","type-page","status-publish","hentry"],"_links":{"self":[{"href":"https:\/\/www.tomassen.nl\/de\/wp-json\/wp\/v2\/pages\/32107","targetHints":{"allow":["GET"]}}],"collection":[{"href":"https:\/\/www.tomassen.nl\/de\/wp-json\/wp\/v2\/pages"}],"about":[{"href":"https:\/\/www.tomassen.nl\/de\/wp-json\/wp\/v2\/types\/page"}],"author":[{"embeddable":true,"href":"https:\/\/www.tomassen.nl\/de\/wp-json\/wp\/v2\/users\/13"}],"replies":[{"embeddable":true,"href":"https:\/\/www.tomassen.nl\/de\/wp-json\/wp\/v2\/comments?post=32107"}],"version-history":[{"count":23,"href":"https:\/\/www.tomassen.nl\/de\/wp-json\/wp\/v2\/pages\/32107\/revisions"}],"predecessor-version":[{"id":40101,"href":"https:\/\/www.tomassen.nl\/de\/wp-json\/wp\/v2\/pages\/32107\/revisions\/40101"}],"wp:attachment":[{"href":"https:\/\/www.tomassen.nl\/de\/wp-json\/wp\/v2\/media?parent=32107"}],"curies":[{"name":"wp","href":"https:\/\/api.w.org\/{rel}","templated":true}]}}