{"id":12589,"date":"2021-02-26T15:38:03","date_gmt":"2021-02-26T14:38:03","guid":{"rendered":"https:\/\/www.tomassen.nl\/?post_type=product&#038;p=12589"},"modified":"2024-06-14T15:32:32","modified_gmt":"2024-06-14T14:32:32","slug":"webshop-contex-hd-ultra-x-6090","status":"publish","type":"product","link":"https:\/\/www.tomassen.nl\/de\/webshop-contex-hd-ultra-x-6090\/","title":{"rendered":"Contex HD Ultra X 6090"},"content":{"rendered":"<div data-elementor-type=\"product-post\" data-elementor-id=\"12589\" class=\"elementor elementor-12589\" data-elementor-post-type=\"product\">\n\t\t\t\t\t\t<section class=\"elementor-section elementor-top-section elementor-element elementor-element-17a19bd elementor-section-full_width elementor-section-height-default elementor-section-height-default\" data-id=\"17a19bd\" data-element_type=\"section\">\n\t\t\t\t\t\t<div class=\"elementor-container elementor-column-gap-default\">\n\t\t\t\t\t<div class=\"elementor-column elementor-col-50 elementor-top-column elementor-element elementor-element-8746553\" data-id=\"8746553\" data-element_type=\"column\">\n\t\t\t<div class=\"elementor-widget-wrap elementor-element-populated\">\n\t\t\t\t\t\t<div class=\"elementor-element elementor-element-726c29c elementor-widget elementor-widget-heading\" data-id=\"726c29c\" data-element_type=\"widget\" data-widget_type=\"heading.default\">\n\t\t\t\t<div class=\"elementor-widget-container\">\n\t\t\t\t\t<h2 class=\"elementor-heading-title elementor-size-default\">PRODUKTSPEZIFIKATIONEN HD Ultra X 6090<\/h2>\t\t\t\t<\/div>\n\t\t\t\t<\/div>\n\t\t\t\t<div class=\"elementor-element elementor-element-e071ea2 elementor-widget elementor-widget-heading\" data-id=\"e071ea2\" data-element_type=\"widget\" data-widget_type=\"heading.default\">\n\t\t\t\t<div class=\"elementor-widget-container\">\n\t\t\t\t\t<h2 class=\"elementor-heading-title elementor-size-default\"><b>Sehr breiter CCD-Scanner von Contex<\/b><\/h2>\t\t\t\t<\/div>\n\t\t\t\t<\/div>\n\t\t\t\t<div class=\"elementor-element elementor-element-e54a82e elementor-widget elementor-widget-text-editor\" data-id=\"e54a82e\" data-element_type=\"widget\" data-widget_type=\"text-editor.default\">\n\t\t\t\t<div class=\"elementor-widget-container\">\n\t\t\t\t\t\t\t\t\t<p style=\"font-size: 15px; font-style: normal; font-weight: 500;\">Der neue Standard f\u00fcr Gro\u00dfformatscanner. Der Contex HD Ultra Egal, ob Sie Karten, Zeichnungen, Poster, Zeitungen oder Kunstwerke scannen m\u00f6chten, der Contex HD Ultra<span style=\"font-size: 15px; font-style: normal; font-weight: 500; color: var( --e-global-color-2d5e0746 );\">0 erfasst jedes Detail gestochen scharf.<\/span><\/p><p style=\"font-size: 15px; font-style: normal; font-weight: 500;\"><span style=\"font-size: 15px; font-weight: bold;\">Hochwertige Objektive:<\/span><br \/>Die Contex CCD-Scanner enthalten hochwertige Fujifilm-Objektive. Die Fujifilm-Objektive erzeugen hochaufl\u00f6sende Bilder in allerbester Qualit\u00e4t. Die CCD-Scanner sind die hochwertigsten Scanner auf dem aktuellen Markt.<\/p>\t\t\t\t\t\t\t\t<\/div>\n\t\t\t\t<\/div>\n\t\t\t\t<div class=\"elementor-element elementor-element-365f066 elementor-align-left elementor-widget elementor-widget-button\" data-id=\"365f066\" data-element_type=\"widget\" data-widget_type=\"button.default\">\n\t\t\t\t<div class=\"elementor-widget-container\">\n\t\t\t\t\t\t\t\t\t<div class=\"elementor-button-wrapper\">\n\t\t\t\t\t<a class=\"elementor-button elementor-button-link elementor-size-md\" href=\"https:\/\/www.tomassen.nl\/de\/contex-hd-ultra-x-serie\/\">\n\t\t\t\t\t\t<span class=\"elementor-button-content-wrapper\">\n\t\t\t\t\t\t\t\t\t<span class=\"elementor-button-text\">mehr lesen <\/span>\n\t\t\t\t\t<\/span>\n\t\t\t\t\t<\/a>\n\t\t\t\t<\/div>\n\t\t\t\t\t\t\t\t<\/div>\n\t\t\t\t<\/div>\n\t\t\t\t\t<\/div>\n\t\t<\/div>\n\t\t\t\t<div class=\"elementor-column elementor-col-50 elementor-top-column elementor-element elementor-element-cafbea3\" data-id=\"cafbea3\" data-element_type=\"column\" data-settings=\"{&quot;background_background&quot;:&quot;classic&quot;}\">\n\t\t\t<div class=\"elementor-widget-wrap elementor-element-populated\">\n\t\t\t\t\t\t<div class=\"elementor-element elementor-element-6478893 elementor-widget elementor-widget-image\" data-id=\"6478893\" data-element_type=\"widget\" data-widget_type=\"image.default\">\n\t\t\t\t<div class=\"elementor-widget-container\">\n\t\t\t\t\t\t\t\t\t\t\t\t\t\t\t<img fetchpriority=\"high\" decoding=\"async\" width=\"924\" height=\"864\" src=\"https:\/\/www.tomassen.nl\/wp-content\/uploads\/2024\/04\/context-scanner-template-1.png\" class=\"attachment-full size-full wp-image-37428\" alt=\"\" srcset=\"https:\/\/www.tomassen.nl\/wp-content\/uploads\/2024\/04\/context-scanner-template-1.png 924w, https:\/\/www.tomassen.nl\/wp-content\/uploads\/2024\/04\/context-scanner-template-1-300x281.png 300w, https:\/\/www.tomassen.nl\/wp-content\/uploads\/2024\/04\/context-scanner-template-1-768x718.png 768w, https:\/\/www.tomassen.nl\/wp-content\/uploads\/2024\/04\/context-scanner-template-1-13x12.png 13w\" sizes=\"(max-width: 924px) 100vw, 924px\" \/>\t\t\t\t\t\t\t\t\t\t\t\t\t\t\t<\/div>\n\t\t\t\t<\/div>\n\t\t\t\t\t<\/div>\n\t\t<\/div>\n\t\t\t\t\t<\/div>\n\t\t<\/section>\n\t\t\t\t<section class=\"elementor-section elementor-top-section elementor-element elementor-element-96c517a elementor-section-boxed elementor-section-height-default elementor-section-height-default\" data-id=\"96c517a\" data-element_type=\"section\">\n\t\t\t\t\t\t<div class=\"elementor-container elementor-column-gap-default\">\n\t\t\t\t\t<div class=\"elementor-column elementor-col-100 elementor-top-column elementor-element elementor-element-673415c\" data-id=\"673415c\" data-element_type=\"column\">\n\t\t\t<div class=\"elementor-widget-wrap elementor-element-populated\">\n\t\t\t\t\t\t<div class=\"elementor-element elementor-element-ef9ef43 elementor-widget elementor-widget-spacer\" data-id=\"ef9ef43\" data-element_type=\"widget\" data-widget_type=\"spacer.default\">\n\t\t\t\t<div class=\"elementor-widget-container\">\n\t\t\t\t\t\t\t<div class=\"elementor-spacer\">\n\t\t\t<div class=\"elementor-spacer-inner\"><\/div>\n\t\t<\/div>\n\t\t\t\t\t\t<\/div>\n\t\t\t\t<\/div>\n\t\t\t\t\t<\/div>\n\t\t<\/div>\n\t\t\t\t\t<\/div>\n\t\t<\/section>\n\t\t\t\t<section class=\"elementor-section elementor-top-section elementor-element elementor-element-6178222 elementor-section-full_width elementor-section-height-default elementor-section-height-default\" data-id=\"6178222\" data-element_type=\"section\" data-settings=\"{&quot;background_background&quot;:&quot;classic&quot;}\">\n\t\t\t\t\t\t<div class=\"elementor-container elementor-column-gap-default\">\n\t\t\t\t\t<div class=\"elementor-column elementor-col-100 elementor-top-column elementor-element elementor-element-177375d\" data-id=\"177375d\" data-element_type=\"column\" data-settings=\"{&quot;background_background&quot;:&quot;classic&quot;}\">\n\t\t\t<div class=\"elementor-widget-wrap elementor-element-populated\">\n\t\t\t\t\t\t<div class=\"elementor-element elementor-element-3313788 elementor-widget elementor-widget-spacer\" data-id=\"3313788\" data-element_type=\"widget\" data-widget_type=\"spacer.default\">\n\t\t\t\t<div class=\"elementor-widget-container\">\n\t\t\t\t\t\t\t<div class=\"elementor-spacer\">\n\t\t\t<div class=\"elementor-spacer-inner\"><\/div>\n\t\t<\/div>\n\t\t\t\t\t\t<\/div>\n\t\t\t\t<\/div>\n\t\t\t\t<div class=\"elementor-element elementor-element-c3a841c elementor-widget elementor-widget-heading\" data-id=\"c3a841c\" data-element_type=\"widget\" data-widget_type=\"heading.default\">\n\t\t\t\t<div class=\"elementor-widget-container\">\n\t\t\t\t\t<h2 class=\"elementor-heading-title elementor-size-default\"><b>Wichtigste Funktionen<\/b><\/h2>\t\t\t\t<\/div>\n\t\t\t\t<\/div>\n\t\t\t\t<section class=\"elementor-section elementor-inner-section elementor-element elementor-element-0ac009f elementor-section-boxed elementor-section-height-default elementor-section-height-default\" data-id=\"0ac009f\" data-element_type=\"section\">\n\t\t\t\t\t\t<div class=\"elementor-container elementor-column-gap-default\">\n\t\t\t\t\t<div class=\"elementor-column elementor-col-50 elementor-inner-column elementor-element elementor-element-94b1d8b\" data-id=\"94b1d8b\" data-element_type=\"column\">\n\t\t\t<div class=\"elementor-widget-wrap elementor-element-populated\">\n\t\t\t\t\t\t<div class=\"elementor-element elementor-element-1d6acd0 elementor-widget elementor-widget-heading\" data-id=\"1d6acd0\" data-element_type=\"widget\" data-widget_type=\"heading.default\">\n\t\t\t\t<div class=\"elementor-widget-container\">\n\t\t\t\t\t<h2 class=\"elementor-heading-title elementor-size-default\">Hochwertige Linsen<\/h2>\t\t\t\t<\/div>\n\t\t\t\t<\/div>\n\t\t\t\t<div class=\"elementor-element elementor-element-ad98fa4 elementor-widget elementor-widget-heading\" data-id=\"ad98fa4\" data-element_type=\"widget\" data-widget_type=\"heading.default\">\n\t\t\t\t<div class=\"elementor-widget-container\">\n\t\t\t\t\t<h2 class=\"elementor-heading-title elementor-size-default\">Die Contex CCD-Scanner enthalten hochwertige Fujifilm-Objektive. Die Objektive erzeugen Bilder in bester Qualit\u00e4t<\/h2>\t\t\t\t<\/div>\n\t\t\t\t<\/div>\n\t\t\t\t<div class=\"elementor-element elementor-element-23b24f2 elementor-widget elementor-widget-heading\" data-id=\"23b24f2\" data-element_type=\"widget\" data-widget_type=\"heading.default\">\n\t\t\t\t<div class=\"elementor-widget-container\">\n\t\t\t\t\t<h2 class=\"elementor-heading-title elementor-size-default\">Effizient wie kein anderer<\/h2>\t\t\t\t<\/div>\n\t\t\t\t<\/div>\n\t\t\t\t<div class=\"elementor-element elementor-element-a5142c5 elementor-widget elementor-widget-heading\" data-id=\"a5142c5\" data-element_type=\"widget\" data-widget_type=\"heading.default\">\n\t\t\t\t<div class=\"elementor-widget-container\">\n\t\t\t\t\t<h2 class=\"elementor-heading-title elementor-size-default\">Der HD Ultra X 6090 ist effizient wie kein anderer. Dadurch sparen Sie Zeit und k\u00f6nnen diese Zeit f\u00fcr andere wichtige Dinge nutzen<\/h2>\t\t\t\t<\/div>\n\t\t\t\t<\/div>\n\t\t\t\t\t<\/div>\n\t\t<\/div>\n\t\t\t\t<div class=\"elementor-column elementor-col-50 elementor-inner-column elementor-element elementor-element-1c4c593\" data-id=\"1c4c593\" data-element_type=\"column\">\n\t\t\t<div class=\"elementor-widget-wrap elementor-element-populated\">\n\t\t\t\t\t\t<div class=\"elementor-element elementor-element-56cc37d elementor-widget elementor-widget-heading\" data-id=\"56cc37d\" data-element_type=\"widget\" data-widget_type=\"heading.default\">\n\t\t\t\t<div class=\"elementor-widget-container\">\n\t\t\t\t\t<h2 class=\"elementor-heading-title elementor-size-default\">Nextimage Remote-App<\/h2>\t\t\t\t<\/div>\n\t\t\t\t<\/div>\n\t\t\t\t<div class=\"elementor-element elementor-element-91f905b elementor-widget elementor-widget-heading\" data-id=\"91f905b\" data-element_type=\"widget\" data-widget_type=\"heading.default\">\n\t\t\t\t<div class=\"elementor-widget-container\">\n\t\t\t\t\t<h2 class=\"elementor-heading-title elementor-size-default\">Mit der Nextimage Remote-App von Contex k\u00f6nnen Sie den HD Ultra X 6090 nahtlos nutzen<\/h2>\t\t\t\t<\/div>\n\t\t\t\t<\/div>\n\t\t\t\t<div class=\"elementor-element elementor-element-995214b elementor-widget elementor-widget-heading\" data-id=\"995214b\" data-element_type=\"widget\" data-widget_type=\"heading.default\">\n\t\t\t\t<div class=\"elementor-widget-container\">\n\t\t\t\t\t<h2 class=\"elementor-heading-title elementor-size-default\">Hohe Scangeschwindigkeit<\/h2>\t\t\t\t<\/div>\n\t\t\t\t<\/div>\n\t\t\t\t<div class=\"elementor-element elementor-element-72fe02f elementor-widget elementor-widget-heading\" data-id=\"72fe02f\" data-element_type=\"widget\" data-widget_type=\"heading.default\">\n\t\t\t\t<div class=\"elementor-widget-container\">\n\t\t\t\t\t<h2 class=\"elementor-heading-title elementor-size-default\">Mit dem HD Ultra X 6090 k\u00f6nnen Sie bis zu 17,8 Zoll pro Sekunde in 200 dpi RGB-Farbe scannen<\/h2>\t\t\t\t<\/div>\n\t\t\t\t<\/div>\n\t\t\t\t\t<\/div>\n\t\t<\/div>\n\t\t\t\t\t<\/div>\n\t\t<\/section>\n\t\t\t\t<section class=\"elementor-section elementor-inner-section elementor-element elementor-element-2b8a518 elementor-section-boxed elementor-section-height-default elementor-section-height-default\" data-id=\"2b8a518\" data-element_type=\"section\">\n\t\t\t\t\t\t<div class=\"elementor-container elementor-column-gap-default\">\n\t\t\t\t\t<div class=\"elementor-column elementor-col-100 elementor-inner-column elementor-element elementor-element-e3fde17\" data-id=\"e3fde17\" data-element_type=\"column\">\n\t\t\t<div class=\"elementor-widget-wrap elementor-element-populated\">\n\t\t\t\t\t\t<div class=\"elementor-element elementor-element-348ff9f elementor-align-center elementor-widget elementor-widget-button\" data-id=\"348ff9f\" data-element_type=\"widget\" data-widget_type=\"button.default\">\n\t\t\t\t<div class=\"elementor-widget-container\">\n\t\t\t\t\t\t\t\t\t<div class=\"elementor-button-wrapper\">\n\t\t\t\t\t<a class=\"elementor-button elementor-button-link elementor-size-md\" href=\"#specs6090\">\n\t\t\t\t\t\t<span class=\"elementor-button-content-wrapper\">\n\t\t\t\t\t\t\t\t\t<span class=\"elementor-button-text\">Produktspezifikationen + Brosch\u00fcre<\/span>\n\t\t\t\t\t<\/span>\n\t\t\t\t\t<\/a>\n\t\t\t\t<\/div>\n\t\t\t\t\t\t\t\t<\/div>\n\t\t\t\t<\/div>\n\t\t\t\t\t<\/div>\n\t\t<\/div>\n\t\t\t\t\t<\/div>\n\t\t<\/section>\n\t\t\t\t\t<\/div>\n\t\t<\/div>\n\t\t\t\t\t<\/div>\n\t\t<\/section>\n\t\t\t\t<section class=\"elementor-section elementor-top-section elementor-element elementor-element-2d4f3f9 elementor-section-boxed elementor-section-height-default elementor-section-height-default\" data-id=\"2d4f3f9\" data-element_type=\"section\" id=\"specs6090\">\n\t\t\t\t\t\t<div class=\"elementor-container elementor-column-gap-default\">\n\t\t\t\t\t<div class=\"elementor-column elementor-col-100 elementor-top-column elementor-element elementor-element-c85459c\" data-id=\"c85459c\" data-element_type=\"column\">\n\t\t\t<div class=\"elementor-widget-wrap elementor-element-populated\">\n\t\t\t\t\t\t<div class=\"elementor-element elementor-element-54a88d6 elementor-widget elementor-widget-spacer\" data-id=\"54a88d6\" data-element_type=\"widget\" data-widget_type=\"spacer.default\">\n\t\t\t\t<div class=\"elementor-widget-container\">\n\t\t\t\t\t\t\t<div class=\"elementor-spacer\">\n\t\t\t<div class=\"elementor-spacer-inner\"><\/div>\n\t\t<\/div>\n\t\t\t\t\t\t<\/div>\n\t\t\t\t<\/div>\n\t\t\t\t\t<\/div>\n\t\t<\/div>\n\t\t\t\t\t<\/div>\n\t\t<\/section>\n\t\t\t\t<section class=\"elementor-section elementor-top-section elementor-element elementor-element-c2ea29c elementor-section-boxed elementor-section-height-default elementor-section-height-default\" data-id=\"c2ea29c\" data-element_type=\"section\">\n\t\t\t\t\t\t<div class=\"elementor-container elementor-column-gap-default\">\n\t\t\t\t\t<div class=\"elementor-column elementor-col-100 elementor-top-column elementor-element elementor-element-1b6d9b9\" data-id=\"1b6d9b9\" data-element_type=\"column\">\n\t\t\t<div class=\"elementor-widget-wrap elementor-element-populated\">\n\t\t\t\t\t\t<div class=\"elementor-element elementor-element-c17c123 elementor-widget elementor-widget-heading\" data-id=\"c17c123\" data-element_type=\"widget\" data-widget_type=\"heading.default\">\n\t\t\t\t<div class=\"elementor-widget-container\">\n\t\t\t\t\t<h2 class=\"elementor-heading-title elementor-size-default\">PRODUKTSPEZIFIKATIONEN<\/h2>\t\t\t\t<\/div>\n\t\t\t\t<\/div>\n\t\t\t\t<div class=\"elementor-element elementor-element-e156a67 elementor-widget elementor-widget-heading\" data-id=\"e156a67\" data-element_type=\"widget\" data-widget_type=\"heading.default\">\n\t\t\t\t<div class=\"elementor-widget-container\">\n\t\t\t\t\t<h2 class=\"elementor-heading-title elementor-size-default\">Contex HD Ultra X 6090<\/h2>\t\t\t\t<\/div>\n\t\t\t\t<\/div>\n\t\t\t\t<div class=\"elementor-element elementor-element-7aecf0e4 elementor-widget elementor-widget-toggle\" data-id=\"7aecf0e4\" data-element_type=\"widget\" data-widget_type=\"toggle.default\">\n\t\t\t\t<div class=\"elementor-widget-container\">\n\t\t\t\t\t\t\t<div class=\"elementor-toggle\">\n\t\t\t\t\t\t\t<div class=\"elementor-toggle-item\">\n\t\t\t\t\t<div id=\"elementor-tab-title-2061\" class=\"elementor-tab-title\" data-tab=\"1\" role=\"button\" aria-controls=\"elementor-tab-content-2061\" aria-expanded=\"false\">\n\t\t\t\t\t\t\t\t\t\t\t\t<span class=\"elementor-toggle-icon elementor-toggle-icon-left\" aria-hidden=\"true\">\n\t\t\t\t\t\t\t\t\t\t\t\t\t\t\t<span class=\"elementor-toggle-icon-closed\"><i class=\"fas fa-caret-right\"><\/i><\/span>\n\t\t\t\t\t\t\t\t<span class=\"elementor-toggle-icon-opened\"><i class=\"elementor-toggle-icon-opened fas fa-caret-up\"><\/i><\/span>\n\t\t\t\t\t\t\t\t\t\t\t\t\t<\/span>\n\t\t\t\t\t\t\t\t\t\t\t\t<a class=\"elementor-toggle-title\" tabindex=\"0\">Scanner<\/a>\n\t\t\t\t\t<\/div>\n\n\t\t\t\t\t<div id=\"elementor-tab-content-2061\" class=\"elementor-tab-content elementor-clearfix\" data-tab=\"1\" role=\"region\" aria-labelledby=\"elementor-tab-title-2061\"><p><strong>Technologie:<\/strong><br \/>CCD-Technologie<br \/><strong>Linsen:<\/strong><br \/>Hochwertige Fujifilm-Objektive<br \/><b>Scangeschwindigkeit:<\/b><br \/>17,8 Zoll\/Sekunde in 200 dpi RGB-Farbe<br \/><b>Scanaufl\u00f6sung:<\/b><br \/>1200 dpi optische Aufl\u00f6sung | Maximale Aufl\u00f6sung 9600 dpi<br \/><b>Gesamtpixel:<\/b><br \/>299.040 Pixel<br \/><b>Scangenauigkeit:<br \/><\/b>0,1% +\/- 1 Pixel<\/p><\/div>\n\t\t\t\t<\/div>\n\t\t\t\t\t\t\t<div class=\"elementor-toggle-item\">\n\t\t\t\t\t<div id=\"elementor-tab-title-2062\" class=\"elementor-tab-title\" data-tab=\"2\" role=\"button\" aria-controls=\"elementor-tab-content-2062\" aria-expanded=\"false\">\n\t\t\t\t\t\t\t\t\t\t\t\t<span class=\"elementor-toggle-icon elementor-toggle-icon-left\" aria-hidden=\"true\">\n\t\t\t\t\t\t\t\t\t\t\t\t\t\t\t<span class=\"elementor-toggle-icon-closed\"><i class=\"fas fa-caret-right\"><\/i><\/span>\n\t\t\t\t\t\t\t\t<span class=\"elementor-toggle-icon-opened\"><i class=\"elementor-toggle-icon-opened fas fa-caret-up\"><\/i><\/span>\n\t\t\t\t\t\t\t\t\t\t\t\t\t<\/span>\n\t\t\t\t\t\t\t\t\t\t\t\t<a class=\"elementor-toggle-title\" tabindex=\"0\">Allgemein<\/a>\n\t\t\t\t\t<\/div>\n\n\t\t\t\t\t<div id=\"elementor-tab-content-2062\" class=\"elementor-tab-content elementor-clearfix\" data-tab=\"2\" role=\"region\" aria-labelledby=\"elementor-tab-title-2062\"><p><b>Maximale Scangr\u00f6\u00dfe:<\/b><br>60 Zoll (1524 mm)<b><br>Arbeitsh\u00f6he:<\/b><br>922mm | 947 mm | 972mm<b><br>Energieverbrauch:<\/b><br>130 Watt beim Scannen | 39 Watt Standby | &lt;1 Watt im Schlafmodus&nbsp;<b><br>Ma\u00dfe:<\/b><br>1810 x 540 x 279 mm (L x B x H)<br><b>Gewicht:<\/b><br>62,5<i>&nbsp;<\/i>kg<br><b>Ausf\u00fchrung:<\/b><br><b>Eigenst\u00e4ndige<\/b> | N\u00e4chstes BildRemote | ScanStation Pro<\/p><\/div>\n\t\t\t\t<\/div>\n\t\t\t\t\t\t\t<div class=\"elementor-toggle-item\">\n\t\t\t\t\t<div id=\"elementor-tab-title-2063\" class=\"elementor-tab-title\" data-tab=\"3\" role=\"button\" aria-controls=\"elementor-tab-content-2063\" aria-expanded=\"false\">\n\t\t\t\t\t\t\t\t\t\t\t\t<span class=\"elementor-toggle-icon elementor-toggle-icon-left\" aria-hidden=\"true\">\n\t\t\t\t\t\t\t\t\t\t\t\t\t\t\t<span class=\"elementor-toggle-icon-closed\"><i class=\"fas fa-caret-right\"><\/i><\/span>\n\t\t\t\t\t\t\t\t<span class=\"elementor-toggle-icon-opened\"><i class=\"elementor-toggle-icon-opened fas fa-caret-up\"><\/i><\/span>\n\t\t\t\t\t\t\t\t\t\t\t\t\t<\/span>\n\t\t\t\t\t\t\t\t\t\t\t\t<a class=\"elementor-toggle-title\" tabindex=\"0\">Brosch\u00fcre<\/a>\n\t\t\t\t\t<\/div>\n\n\t\t\t\t\t<div id=\"elementor-tab-content-2063\" class=\"elementor-tab-content elementor-clearfix\" data-tab=\"3\" role=\"region\" aria-labelledby=\"elementor-tab-title-2063\"><p>schaue auf die\u00a0<a href=\"https:\/\/www.tomassen.nl\/wp-content\/uploads\/2021\/04\/Brochure-Contex-HD-Ultra-X-Serie.pdf\"><strong>Brosch\u00fcre<\/strong><\/a>\u00a0der HD Ultra X-Scanner<\/p><\/div>\n\t\t\t\t<\/div>\n\t\t\t\t\t\t\t\t<\/div>\n\t\t\t\t\t\t<\/div>\n\t\t\t\t<\/div>\n\t\t\t\t<div class=\"elementor-element elementor-element-43ee2d7 elementor-shape-circle e-grid-align-left e-grid-align-mobile-center elementor-grid-0 elementor-widget elementor-widget-social-icons\" data-id=\"43ee2d7\" data-element_type=\"widget\" data-widget_type=\"social-icons.default\">\n\t\t\t\t<div class=\"elementor-widget-container\">\n\t\t\t\t\t\t\t<div class=\"elementor-social-icons-wrapper elementor-grid\" role=\"list\">\n\t\t\t\t\t\t\t<span class=\"elementor-grid-item\" role=\"listitem\">\n\t\t\t\t\t<a class=\"elementor-icon elementor-social-icon elementor-social-icon-linkedin elementor-repeater-item-81f2e3f\" href=\"https:\/\/www.linkedin.com\/company\/tomassen-ict-services\/\/\" target=\"_blank\" rel=\"noopener\">\n\t\t\t\t\t\t<span class=\"elementor-screen-only\">Linkedin<\/span>\n\t\t\t\t\t\t<i aria-hidden=\"true\" class=\"fab fa-linkedin\"><\/i>\t\t\t\t\t<\/a>\n\t\t\t\t<\/span>\n\t\t\t\t\t\t\t<span class=\"elementor-grid-item\" role=\"listitem\">\n\t\t\t\t\t<a class=\"elementor-icon elementor-social-icon elementor-social-icon-link elementor-repeater-item-12ce8b8\" href=\"http:\/\/www.cad.nl\" target=\"_blank\" rel=\"noopener\">\n\t\t\t\t\t\t<span class=\"elementor-screen-only\">Verkn\u00fcpfung<\/span>\n\t\t\t\t\t\t<i aria-hidden=\"true\" class=\"fas fa-link\"><\/i>\t\t\t\t\t<\/a>\n\t\t\t\t<\/span>\n\t\t\t\t\t<\/div>\n\t\t\t\t\t\t<\/div>\n\t\t\t\t<\/div>\n\t\t\t\t\t<\/div>\n\t\t<\/div>\n\t\t\t\t\t<\/div>\n\t\t<\/section>\n\t\t\t\t<\/div>","protected":false},"excerpt":{"rendered":"<p><em>60 Zoll<\/em><br \/>\n<em>CCD-Technologie<\/em><\/p>\n<p><span style=\"color: #07609c;\"><strong>Preis auf Anfrage<\/strong><\/span><\/p>","protected":false},"featured_media":9462,"comment_status":"open","ping_status":"closed","template":"","meta":{"site-sidebar-layout":"no-sidebar","site-content-layout":"page-builder","ast-site-content-layout":"default","site-content-style":"default","site-sidebar-style":"default","ast-global-header-display":"","ast-banner-title-visibility":"","ast-main-header-display":"","ast-hfb-above-header-display":"","ast-hfb-below-header-display":"","ast-hfb-mobile-header-display":"","site-post-title":"disabled","ast-breadcrumbs-content":"","ast-featured-img":"disabled","footer-sml-layout":"","ast-disable-related-posts":"","theme-transparent-header-meta":"default","adv-header-id-meta":"","stick-header-meta":"","header-above-stick-meta":"","header-main-stick-meta":"","header-below-stick-meta":"","astra-migrate-meta-layouts":"default","ast-page-background-enabled":"default","ast-page-background-meta":{"desktop":{"background-color":"","background-image":"","background-repeat":"repeat","background-position":"center center","background-size":"auto","background-attachment":"scroll","background-type":"","background-media":"","overlay-type":"","overlay-color":"","overlay-opacity":"","overlay-gradient":""},"tablet":{"background-color":"","background-image":"","background-repeat":"repeat","background-position":"center center","background-size":"auto","background-attachment":"scroll","background-type":"","background-media":"","overlay-type":"","overlay-color":"","overlay-opacity":"","overlay-gradient":""},"mobile":{"background-color":"","background-image":"","background-repeat":"repeat","background-position":"center center","background-size":"auto","background-attachment":"scroll","background-type":"","background-media":"","overlay-type":"","overlay-color":"","overlay-opacity":"","overlay-gradient":""}},"ast-content-background-meta":{"desktop":{"background-color":"var(--ast-global-color-5)","background-image":"","background-repeat":"repeat","background-position":"center center","background-size":"auto","background-attachment":"scroll","background-type":"","background-media":"","overlay-type":"","overlay-color":"","overlay-opacity":"","overlay-gradient":""},"tablet":{"background-color":"var(--ast-global-color-5)","background-image":"","background-repeat":"repeat","background-position":"center center","background-size":"auto","background-attachment":"scroll","background-type":"","background-media":"","overlay-type":"","overlay-color":"","overlay-opacity":"","overlay-gradient":""},"mobile":{"background-color":"var(--ast-global-color-5)","background-image":"","background-repeat":"repeat","background-position":"center center","background-size":"auto","background-attachment":"scroll","background-type":"","background-media":"","overlay-type":"","overlay-color":"","overlay-opacity":"","overlay-gradient":""}}},"product_brand":[],"product_cat":[27,67],"product_tag":[],"class_list":{"0":"post-12589","1":"product","2":"type-product","3":"status-publish","4":"has-post-thumbnail","6":"product_cat-grootformaat-contex-scanners","7":"product_cat-contex-hd-ultra-x-serie","8":"pa_merk-contex","9":"pa_scanstation-pro-neescp","10":"pa_soort-scanner-ccd-scanner","11":"desktop-align-center","12":"tablet-align-center","13":"mobile-align-center","15":"first","16":"instock","17":"taxable","18":"shipping-taxable","19":"product-type-simple"},"_links":{"self":[{"href":"https:\/\/www.tomassen.nl\/de\/wp-json\/wp\/v2\/product\/12589","targetHints":{"allow":["GET"]}}],"collection":[{"href":"https:\/\/www.tomassen.nl\/de\/wp-json\/wp\/v2\/product"}],"about":[{"href":"https:\/\/www.tomassen.nl\/de\/wp-json\/wp\/v2\/types\/product"}],"replies":[{"embeddable":true,"href":"https:\/\/www.tomassen.nl\/de\/wp-json\/wp\/v2\/comments?post=12589"}],"version-history":[{"count":78,"href":"https:\/\/www.tomassen.nl\/de\/wp-json\/wp\/v2\/product\/12589\/revisions"}],"predecessor-version":[{"id":39651,"href":"https:\/\/www.tomassen.nl\/de\/wp-json\/wp\/v2\/product\/12589\/revisions\/39651"}],"wp:featuredmedia":[{"embeddable":true,"href":"https:\/\/www.tomassen.nl\/de\/wp-json\/wp\/v2\/media\/9462"}],"wp:attachment":[{"href":"https:\/\/www.tomassen.nl\/de\/wp-json\/wp\/v2\/media?parent=12589"}],"wp:term":[{"taxonomy":"product_brand","embeddable":true,"href":"https:\/\/www.tomassen.nl\/de\/wp-json\/wp\/v2\/product_brand?post=12589"},{"taxonomy":"product_cat","embeddable":true,"href":"https:\/\/www.tomassen.nl\/de\/wp-json\/wp\/v2\/product_cat?post=12589"},{"taxonomy":"product_tag","embeddable":true,"href":"https:\/\/www.tomassen.nl\/de\/wp-json\/wp\/v2\/product_tag?post=12589"}],"curies":[{"name":"wp","href":"https:\/\/api.w.org\/{rel}","templated":true}]}}