{"id":13582,"date":"2021-03-04T11:38:48","date_gmt":"2021-03-04T10:38:48","guid":{"rendered":"https:\/\/www.tomassen.nl\/?post_type=product&#038;p=13582"},"modified":"2024-05-08T11:43:11","modified_gmt":"2024-05-08T10:43:11","slug":"webshop-neolt-neofold-s","status":"publish","type":"product","link":"https:\/\/www.tomassen.nl\/de\/webshop-neolt-neofold-s\/","title":{"rendered":"Neolt NeoFold S"},"content":{"rendered":"<div data-elementor-type=\"product-post\" data-elementor-id=\"13582\" class=\"elementor elementor-13582\" data-elementor-post-type=\"product\">\n\t\t\t\t\t\t<section class=\"elementor-section elementor-top-section elementor-element elementor-element-7b117896 elementor-section-boxed elementor-section-height-default elementor-section-height-default\" data-id=\"7b117896\" data-element_type=\"section\" data-e-type=\"section\">\n\t\t\t\t\t\t<div class=\"elementor-container elementor-column-gap-default\">\n\t\t\t\t\t<div class=\"elementor-column elementor-col-50 elementor-top-column elementor-element elementor-element-7317f045\" data-id=\"7317f045\" data-element_type=\"column\" data-e-type=\"column\">\n\t\t\t<div class=\"elementor-widget-wrap elementor-element-populated\">\n\t\t\t\t\t\t<div class=\"elementor-element elementor-element-4ee30e89 elementor-widget elementor-widget-heading\" data-id=\"4ee30e89\" data-element_type=\"widget\" data-e-type=\"widget\" data-widget_type=\"heading.default\">\n\t\t\t\t<div class=\"elementor-widget-container\">\n\t\t\t\t\t<h2 class=\"elementor-heading-title elementor-size-default\"><b>Produktinformationen NeoFold S<\/b><\/h2>\t\t\t\t<\/div>\n\t\t\t\t<\/div>\n\t\t\t\t<div class=\"elementor-element elementor-element-17dac206 elementor-widget elementor-widget-heading\" data-id=\"17dac206\" data-element_type=\"widget\" data-e-type=\"widget\" data-widget_type=\"heading.default\">\n\t\t\t\t<div class=\"elementor-widget-container\">\n\t\t\t\t\t<h2 class=\"elementor-heading-title elementor-size-default\"><b>Einfache automatische Faltmaschine von Neolt<\/b><\/h2>\t\t\t\t<\/div>\n\t\t\t\t<\/div>\n\t\t\t\t<div class=\"elementor-element elementor-element-1d0421c9 elementor-widget elementor-widget-text-editor\" data-id=\"1d0421c9\" data-element_type=\"widget\" data-e-type=\"widget\" data-widget_type=\"text-editor.default\">\n\t\t\t\t<div class=\"elementor-widget-container\">\n\t\t\t\t\t\t\t\t\t<p>Der NeoFold S ist eine kompakte automatische Faltmaschine. Die robuste Konstruktion und die M\u00f6glichkeit, g\u00e4ngige Papierformate einzugeben, erm\u00f6glichen den Einsatz des NeoFold in Kombination mit einem Gro\u00dfformatdrucker. Mit dem NeoFold ist es m\u00f6glich, Freiformdesigns auf jede beliebige L\u00e4nge zu biegen. Das zweistellige Display zeigt Diagnosemeldungen und die Kanten \u00fcbersichtlich an. Die Falzmaschine kann Breiten von 190 oder 210 mm falzen, mit einer maximalen Falzgeschwindigkeit von 10 Metern pro Minute. Der NeoFold unterst\u00fctzt Papiergewichte zwischen 80 und 110 g\/m2.<\/p><ul><li>Kompakte Faltmaschine\u00a0<\/li><li>Robuste Qualit\u00e4t mit italienischem Design<\/li><li>M\u00f6glichkeit, Formdesigns auf jede beliebige L\u00e4nge zu biegen<\/li><li>Produktionsgeschwindigkeit von 10 Metern pro Minute<\/li><\/ul>\t\t\t\t\t\t\t\t<\/div>\n\t\t\t\t<\/div>\n\t\t\t\t\t<\/div>\n\t\t<\/div>\n\t\t\t\t<div class=\"elementor-column elementor-col-50 elementor-top-column elementor-element elementor-element-4feb7534\" data-id=\"4feb7534\" data-element_type=\"column\" data-e-type=\"column\">\n\t\t\t<div class=\"elementor-widget-wrap elementor-element-populated\">\n\t\t\t\t\t\t<div class=\"elementor-element elementor-element-7c42f72 elementor-widget elementor-widget-image\" data-id=\"7c42f72\" data-element_type=\"widget\" data-e-type=\"widget\" data-widget_type=\"image.default\">\n\t\t\t\t<div class=\"elementor-widget-container\">\n\t\t\t\t\t\t\t\t\t\t\t\t\t\t\t<img fetchpriority=\"high\" decoding=\"async\" width=\"526\" height=\"413\" src=\"https:\/\/www.tomassen.nl\/wp-content\/uploads\/2021\/03\/Neofold-S-voor-website.jpg\" class=\"attachment-large size-large wp-image-13593\" alt=\"NeoFold S\" srcset=\"https:\/\/www.tomassen.nl\/wp-content\/uploads\/2021\/03\/Neofold-S-voor-website.jpg 526w, https:\/\/www.tomassen.nl\/wp-content\/uploads\/2021\/03\/Neofold-S-voor-website-300x236.jpg 300w\" sizes=\"(max-width: 526px) 100vw, 526px\" \/>\t\t\t\t\t\t\t\t\t\t\t\t\t\t\t<\/div>\n\t\t\t\t<\/div>\n\t\t\t\t<div class=\"elementor-element elementor-element-c0ed9b5 elementor-widget elementor-widget-button\" data-id=\"c0ed9b5\" data-element_type=\"widget\" data-e-type=\"widget\" data-widget_type=\"button.default\">\n\t\t\t\t<div class=\"elementor-widget-container\">\n\t\t\t\t\t\t\t\t\t<div class=\"elementor-button-wrapper\">\n\t\t\t\t\t<a class=\"elementor-button elementor-button-link elementor-size-md\" href=\"https:\/\/www.tomassen.nl\/de\/vouwapparatuur\/\">\n\t\t\t\t\t\t<span class=\"elementor-button-content-wrapper\">\n\t\t\t\t\t\t\t\t\t<span class=\"elementor-button-text\">Alle anderen Falzmaschinen ansehen<\/span>\n\t\t\t\t\t<\/span>\n\t\t\t\t\t<\/a>\n\t\t\t\t<\/div>\n\t\t\t\t\t\t\t\t<\/div>\n\t\t\t\t<\/div>\n\t\t\t\t\t<\/div>\n\t\t<\/div>\n\t\t\t\t\t<\/div>\n\t\t<\/section>\n\t\t\t\t<section class=\"elementor-section elementor-top-section elementor-element elementor-element-4a22c7e elementor-section-boxed elementor-section-height-default elementor-section-height-default\" data-id=\"4a22c7e\" data-element_type=\"section\" data-e-type=\"section\">\n\t\t\t\t\t\t<div class=\"elementor-container elementor-column-gap-default\">\n\t\t\t\t\t<div class=\"elementor-column elementor-col-100 elementor-top-column elementor-element elementor-element-c6eca15\" data-id=\"c6eca15\" data-element_type=\"column\" data-e-type=\"column\">\n\t\t\t<div class=\"elementor-widget-wrap elementor-element-populated\">\n\t\t\t\t\t\t<div class=\"elementor-element elementor-element-418baf9 elementor-widget elementor-widget-heading\" data-id=\"418baf9\" data-element_type=\"widget\" data-e-type=\"widget\" data-widget_type=\"heading.default\">\n\t\t\t\t<div class=\"elementor-widget-container\">\n\t\t\t\t\t<h2 class=\"elementor-heading-title elementor-size-default\">Produktspezifikationen <\/h2>\t\t\t\t<\/div>\n\t\t\t\t<\/div>\n\t\t\t\t<div class=\"elementor-element elementor-element-dd7d74b elementor-widget elementor-widget-toggle\" data-id=\"dd7d74b\" data-element_type=\"widget\" data-e-type=\"widget\" data-widget_type=\"toggle.default\">\n\t\t\t\t<div class=\"elementor-widget-container\">\n\t\t\t\t\t\t\t<div class=\"elementor-toggle\">\n\t\t\t\t\t\t\t<div class=\"elementor-toggle-item\">\n\t\t\t\t\t<div id=\"elementor-tab-title-2321\" class=\"elementor-tab-title\" data-tab=\"1\" role=\"button\" aria-controls=\"elementor-tab-content-2321\" aria-expanded=\"false\">\n\t\t\t\t\t\t\t\t\t\t\t\t<span class=\"elementor-toggle-icon elementor-toggle-icon-left\" aria-hidden=\"true\">\n\t\t\t\t\t\t\t\t\t\t\t\t\t\t\t<span class=\"elementor-toggle-icon-closed\"><i class=\"fas fa-caret-right\"><\/i><\/span>\n\t\t\t\t\t\t\t\t<span class=\"elementor-toggle-icon-opened\"><i class=\"elementor-toggle-icon-opened fas fa-caret-up\"><\/i><\/span>\n\t\t\t\t\t\t\t\t\t\t\t\t\t<\/span>\n\t\t\t\t\t\t\t\t\t\t\t\t<a class=\"elementor-toggle-title\" tabindex=\"0\">Ordner<\/a>\n\t\t\t\t\t<\/div>\n\n\t\t\t\t\t<div id=\"elementor-tab-content-2321\" class=\"elementor-tab-content elementor-clearfix\" data-tab=\"1\" role=\"region\" aria-labelledby=\"elementor-tab-title-2321\"><p><b>In Kombination mit:<\/b><br \/><span style=\"font-size: 15px;\">Gro\u00dfformatiger Toner- oder Tintenstrahldrucker<\/span><br \/><b>Faltgeschwindigkeit:<\/b><br \/>10 Meter pro Minute<br \/><b>Maximale Falzbreiten:<\/b><br \/>920 mm und 1250 mm<br \/><span style=\"font-size: 15px;\"><b>Gewicht Papierformate:<\/b><\/span><br \/>80 \u2013 110 g\/m2<\/p><\/div>\n\t\t\t\t<\/div>\n\t\t\t\t\t\t\t<div class=\"elementor-toggle-item\">\n\t\t\t\t\t<div id=\"elementor-tab-title-2322\" class=\"elementor-tab-title\" data-tab=\"2\" role=\"button\" aria-controls=\"elementor-tab-content-2322\" aria-expanded=\"false\">\n\t\t\t\t\t\t\t\t\t\t\t\t<span class=\"elementor-toggle-icon elementor-toggle-icon-left\" aria-hidden=\"true\">\n\t\t\t\t\t\t\t\t\t\t\t\t\t\t\t<span class=\"elementor-toggle-icon-closed\"><i class=\"fas fa-caret-right\"><\/i><\/span>\n\t\t\t\t\t\t\t\t<span class=\"elementor-toggle-icon-opened\"><i class=\"elementor-toggle-icon-opened fas fa-caret-up\"><\/i><\/span>\n\t\t\t\t\t\t\t\t\t\t\t\t\t<\/span>\n\t\t\t\t\t\t\t\t\t\t\t\t<a class=\"elementor-toggle-title\" tabindex=\"0\">Allgemein<\/a>\n\t\t\t\t\t<\/div>\n\n\t\t\t\t\t<div id=\"elementor-tab-content-2322\" class=\"elementor-tab-content elementor-clearfix\" data-tab=\"2\" role=\"region\" aria-labelledby=\"elementor-tab-title-2322\"><p><b>Stromversorgungsstrom:<\/b><br \/>110 V \u2013 50\/60 Hz | 230 V \u2013 50\/60 Hz<br \/><b> Gewicht:<\/b><br \/>920-mm-Version: 78 kg<br \/>1250-mm-Version: 92 kg<br \/><b> Ma\u00dfe:<\/b><br \/>920-mm-Version: 1280 x 600 x 940 mm (L x B x H)<br \/>1250-mm-Version: 1600 x 600 x 915 mm (L x B x H)<\/p><\/div>\n\t\t\t\t<\/div>\n\t\t\t\t\t\t\t<div class=\"elementor-toggle-item\">\n\t\t\t\t\t<div id=\"elementor-tab-title-2323\" class=\"elementor-tab-title\" data-tab=\"3\" role=\"button\" aria-controls=\"elementor-tab-content-2323\" aria-expanded=\"false\">\n\t\t\t\t\t\t\t\t\t\t\t\t<span class=\"elementor-toggle-icon elementor-toggle-icon-left\" aria-hidden=\"true\">\n\t\t\t\t\t\t\t\t\t\t\t\t\t\t\t<span class=\"elementor-toggle-icon-closed\"><i class=\"fas fa-caret-right\"><\/i><\/span>\n\t\t\t\t\t\t\t\t<span class=\"elementor-toggle-icon-opened\"><i class=\"elementor-toggle-icon-opened fas fa-caret-up\"><\/i><\/span>\n\t\t\t\t\t\t\t\t\t\t\t\t\t<\/span>\n\t\t\t\t\t\t\t\t\t\t\t\t<a class=\"elementor-toggle-title\" tabindex=\"0\">Brosch\u00fcre<\/a>\n\t\t\t\t\t<\/div>\n\n\t\t\t\t\t<div id=\"elementor-tab-content-2323\" class=\"elementor-tab-content elementor-clearfix\" data-tab=\"3\" role=\"region\" aria-labelledby=\"elementor-tab-title-2323\"><p>schaue auf die <a href=\"https:\/\/www.tomassen.nl\/wp-content\/uploads\/2021\/04\/Brochure-NeoFold-S.pdf\"><strong>Brosch\u00fcre<\/strong><\/a> des NeoFold S<\/p><\/div>\n\t\t\t\t<\/div>\n\t\t\t\t\t\t\t\t<\/div>\n\t\t\t\t\t\t<\/div>\n\t\t\t\t<\/div>\n\t\t\t\t<div class=\"elementor-element elementor-element-6763d5f e-grid-align-left elementor-shape-rounded elementor-grid-0 elementor-widget elementor-widget-social-icons\" data-id=\"6763d5f\" data-element_type=\"widget\" data-e-type=\"widget\" data-widget_type=\"social-icons.default\">\n\t\t\t\t<div class=\"elementor-widget-container\">\n\t\t\t\t\t\t\t<div class=\"elementor-social-icons-wrapper elementor-grid\" role=\"list\">\n\t\t\t\t\t\t\t<span class=\"elementor-grid-item\" role=\"listitem\">\n\t\t\t\t\t<a class=\"elementor-icon elementor-social-icon elementor-social-icon-facebook elementor-animation-grow elementor-repeater-item-4f08a04\" href=\"https:\/\/www.facebook.com\/tomassenictservicesbv\/\" target=\"_blank\" rel=\"noopener\">\n\t\t\t\t\t\t<span class=\"elementor-screen-only\">Facebook<\/span>\n\t\t\t\t\t\t<i aria-hidden=\"true\" class=\"fab fa-facebook\"><\/i>\t\t\t\t\t<\/a>\n\t\t\t\t<\/span>\n\t\t\t\t\t\t\t<span class=\"elementor-grid-item\" role=\"listitem\">\n\t\t\t\t\t<a class=\"elementor-icon elementor-social-icon elementor-social-icon-linkedin elementor-animation-grow elementor-repeater-item-3a15f9a\" href=\"https:\/\/www.linkedin.com\/company\/2063523\/\" target=\"_blank\" rel=\"noopener\">\n\t\t\t\t\t\t<span class=\"elementor-screen-only\">Linkedin<\/span>\n\t\t\t\t\t\t<i aria-hidden=\"true\" class=\"fab fa-linkedin\"><\/i>\t\t\t\t\t<\/a>\n\t\t\t\t<\/span>\n\t\t\t\t\t<\/div>\n\t\t\t\t\t\t<\/div>\n\t\t\t\t<\/div>\n\t\t\t\t\t<\/div>\n\t\t<\/div>\n\t\t\t\t\t<\/div>\n\t\t<\/section>\n\t\t\t\t<\/div>","protected":false},"excerpt":{"rendered":"<p><em>Elektrisch<\/em><br \/>\n<em>Offline Falter-Systeme<\/em><\/p>\n<p><span style=\"color: #07609c;\"><strong>Preis auf Anfrage<\/strong><\/span><\/p>","protected":false},"featured_media":13593,"comment_status":"open","ping_status":"closed","template":"","meta":{"site-sidebar-layout":"no-sidebar","site-content-layout":"page-builder","ast-site-content-layout":"full-width-container","site-content-style":"unboxed","site-sidebar-style":"unboxed","ast-global-header-display":"","ast-banner-title-visibility":"","ast-main-header-display":"","ast-hfb-above-header-display":"","ast-hfb-below-header-display":"","ast-hfb-mobile-header-display":"","site-post-title":"disabled","ast-breadcrumbs-content":"","ast-featured-img":"disabled","footer-sml-layout":"","ast-disable-related-posts":"","theme-transparent-header-meta":"default","adv-header-id-meta":"","stick-header-meta":"","header-above-stick-meta":"","header-main-stick-meta":"","header-below-stick-meta":"","astra-migrate-meta-layouts":"set","ast-page-background-enabled":"default","ast-page-background-meta":{"desktop":{"background-color":"","background-image":"","background-repeat":"repeat","background-position":"center center","background-size":"auto","background-attachment":"scroll","background-type":"","background-media":"","overlay-type":"","overlay-color":"","overlay-opacity":"","overlay-gradient":""},"tablet":{"background-color":"","background-image":"","background-repeat":"repeat","background-position":"center center","background-size":"auto","background-attachment":"scroll","background-type":"","background-media":"","overlay-type":"","overlay-color":"","overlay-opacity":"","overlay-gradient":""},"mobile":{"background-color":"","background-image":"","background-repeat":"repeat","background-position":"center center","background-size":"auto","background-attachment":"scroll","background-type":"","background-media":"","overlay-type":"","overlay-color":"","overlay-opacity":"","overlay-gradient":""}},"ast-content-background-meta":{"desktop":{"background-color":"var(--ast-global-color-5)","background-image":"","background-repeat":"repeat","background-position":"center center","background-size":"auto","background-attachment":"scroll","background-type":"","background-media":"","overlay-type":"","overlay-color":"","overlay-opacity":"","overlay-gradient":""},"tablet":{"background-color":"var(--ast-global-color-5)","background-image":"","background-repeat":"repeat","background-position":"center center","background-size":"auto","background-attachment":"scroll","background-type":"","background-media":"","overlay-type":"","overlay-color":"","overlay-opacity":"","overlay-gradient":""},"mobile":{"background-color":"var(--ast-global-color-5)","background-image":"","background-repeat":"repeat","background-position":"center center","background-size":"auto","background-attachment":"scroll","background-type":"","background-media":"","overlay-type":"","overlay-color":"","overlay-opacity":"","overlay-gradient":""}}},"product_brand":[],"product_cat":[232],"product_tag":[],"class_list":{"0":"post-13582","1":"product","2":"type-product","3":"status-publish","4":"has-post-thumbnail","6":"product_cat-verouderd","7":"pa_vouwmachine-offlinev","8":"desktop-align-center","9":"tablet-align-center","10":"mobile-align-center","12":"first","13":"instock","14":"taxable","15":"shipping-taxable","16":"product-type-simple"},"_links":{"self":[{"href":"https:\/\/www.tomassen.nl\/de\/wp-json\/wp\/v2\/product\/13582","targetHints":{"allow":["GET"]}}],"collection":[{"href":"https:\/\/www.tomassen.nl\/de\/wp-json\/wp\/v2\/product"}],"about":[{"href":"https:\/\/www.tomassen.nl\/de\/wp-json\/wp\/v2\/types\/product"}],"replies":[{"embeddable":true,"href":"https:\/\/www.tomassen.nl\/de\/wp-json\/wp\/v2\/comments?post=13582"}],"version-history":[{"count":59,"href":"https:\/\/www.tomassen.nl\/de\/wp-json\/wp\/v2\/product\/13582\/revisions"}],"predecessor-version":[{"id":38203,"href":"https:\/\/www.tomassen.nl\/de\/wp-json\/wp\/v2\/product\/13582\/revisions\/38203"}],"wp:featuredmedia":[{"embeddable":true,"href":"https:\/\/www.tomassen.nl\/de\/wp-json\/wp\/v2\/media\/13593"}],"wp:attachment":[{"href":"https:\/\/www.tomassen.nl\/de\/wp-json\/wp\/v2\/media?parent=13582"}],"wp:term":[{"taxonomy":"product_brand","embeddable":true,"href":"https:\/\/www.tomassen.nl\/de\/wp-json\/wp\/v2\/product_brand?post=13582"},{"taxonomy":"product_cat","embeddable":true,"href":"https:\/\/www.tomassen.nl\/de\/wp-json\/wp\/v2\/product_cat?post=13582"},{"taxonomy":"product_tag","embeddable":true,"href":"https:\/\/www.tomassen.nl\/de\/wp-json\/wp\/v2\/product_tag?post=13582"}],"curies":[{"name":"wp","href":"https:\/\/api.w.org\/{rel}","templated":true}]}}